
{"id":6,"date":"2018-04-13T08:39:23","date_gmt":"2018-04-13T11:39:23","guid":{"rendered":"http:\/\/sinnapse.com.br\/microhouse\/?page_id=6"},"modified":"2021-07-01T14:45:05","modified_gmt":"2021-07-01T17:45:05","slug":"home","status":"publish","type":"page","link":"https:\/\/microhouse.com.br\/site\/","title":{"rendered":"Home"},"content":{"rendered":"","protected":false},"excerpt":{"rendered":"","protected":false},"author":1,"featured_media":0,"parent":0,"menu_order":0,"comment_status":"closed","ping_status":"closed","template":"template-home.php","meta":[],"acf":[],"yoast_head":"<!-- This site is optimized with the Yoast SEO plugin v18.4.1 - https:\/\/yoast.com\/wordpress\/plugins\/seo\/ -->\n<title>MICROHOUSE: Gest\u00e3o segura e eficiente para a sua imobili\u00e1ria<\/title>\n<meta name=\"description\" content=\"Encontre novas oportunidades de neg\u00f3cios atrav\u00e9s de uma ferramenta inteligente que transforma dados em informa\u00e7\u00f5es valiosas para sua imobili\u00e1ria.\" \/>\n<meta name=\"robots\" content=\"index, follow, max-snippet:-1, max-image-preview:large, max-video-preview:-1\" \/>\n<link rel=\"canonical\" href=\"https:\/\/microhouse.com.br\/site\/\" \/>\n<meta property=\"og:locale\" content=\"pt_BR\" \/>\n<meta property=\"og:type\" content=\"article\" \/>\n<meta property=\"og:title\" content=\"CRM para Imobili\u00e1rias\" \/>\n<meta property=\"og:description\" content=\"Encontre novas oportunidades de neg\u00f3cios atrav\u00e9s de uma ferramenta inteligente que transforma dados em informa\u00e7\u00f5es valiosas para sua imobili\u00e1ria.\" \/>\n<meta property=\"og:url\" content=\"https:\/\/microhouse.com.br\/site\/\" \/>\n<meta property=\"og:site_name\" content=\"Microhouse\" \/>\n<meta property=\"article:modified_time\" content=\"2021-07-01T17:45:05+00:00\" \/>\n<meta name=\"twitter:card\" content=\"summary_large_image\" \/>\n<meta name=\"twitter:title\" content=\"CRM para Imobili\u00e1rias\" \/>\n<meta name=\"twitter:description\" content=\"Encontre novas oportunidades de neg\u00f3cios atrav\u00e9s de uma ferramenta inteligente que transforma dados em informa\u00e7\u00f5es valiosas para sua imobili\u00e1ria.\" \/>\n<meta name=\"twitter:image\" content=\"http:\/\/sinnapse.com.br\/microhouse\/wp-content\/uploads\/2019\/10\/map.png\" \/>\n<script type=\"application\/ld+json\" class=\"yoast-schema-graph\">{\"@context\":\"https:\/\/schema.org\",\"@graph\":[{\"@type\":\"WebSite\",\"@id\":\"https:\/\/microhouse.com.br\/site\/#website\",\"url\":\"https:\/\/microhouse.com.br\/site\/\",\"name\":\"Microhouse\",\"description\":\"Sistemas para uma gest\u00e3o mais segura e eficiente da sua imobili\u00e1ria\",\"potentialAction\":[{\"@type\":\"SearchAction\",\"target\":{\"@type\":\"EntryPoint\",\"urlTemplate\":\"https:\/\/microhouse.com.br\/site\/?s={search_term_string}\"},\"query-input\":\"required name=search_term_string\"}],\"inLanguage\":\"pt-BR\"},{\"@type\":\"ImageObject\",\"@id\":\"https:\/\/microhouse.com.br\/site\/#primaryimage\",\"inLanguage\":\"pt-BR\",\"url\":\"\",\"contentUrl\":\"\"},{\"@type\":\"WebPage\",\"@id\":\"https:\/\/microhouse.com.br\/site\/#webpage\",\"url\":\"https:\/\/microhouse.com.br\/site\/\",\"name\":\"MICROHOUSE: Gest\u00e3o segura e eficiente para a sua imobili\u00e1ria\",\"isPartOf\":{\"@id\":\"https:\/\/microhouse.com.br\/site\/#website\"},\"datePublished\":\"2018-04-13T11:39:23+00:00\",\"dateModified\":\"2021-07-01T17:45:05+00:00\",\"description\":\"Encontre novas oportunidades de neg\u00f3cios atrav\u00e9s de uma ferramenta inteligente que transforma dados em informa\u00e7\u00f5es valiosas para sua imobili\u00e1ria.\",\"breadcrumb\":{\"@id\":\"https:\/\/microhouse.com.br\/site\/#breadcrumb\"},\"inLanguage\":\"pt-BR\",\"potentialAction\":[{\"@type\":\"ReadAction\",\"target\":[\"https:\/\/microhouse.com.br\/site\/\"]}]},{\"@type\":\"BreadcrumbList\",\"@id\":\"https:\/\/microhouse.com.br\/site\/#breadcrumb\",\"itemListElement\":[{\"@type\":\"ListItem\",\"position\":1,\"name\":\"Home\",\"item\":\"https:\/\/microhouse.com.br\/site\/\"},{\"@type\":\"ListItem\",\"position\":2,\"name\":\"Home\"}]}]}<\/script>\n<!-- \/ Yoast SEO plugin. -->","yoast_head_json":{"title":"MICROHOUSE: Gest\u00e3o segura e eficiente para a sua imobili\u00e1ria","description":"Encontre novas oportunidades de neg\u00f3cios atrav\u00e9s de uma ferramenta inteligente que transforma dados em informa\u00e7\u00f5es valiosas para sua imobili\u00e1ria.","robots":{"index":"index","follow":"follow","max-snippet":"max-snippet:-1","max-image-preview":"max-image-preview:large","max-video-preview":"max-video-preview:-1"},"canonical":"https:\/\/microhouse.com.br\/site\/","og_locale":"pt_BR","og_type":"article","og_title":"CRM para Imobili\u00e1rias","og_description":"Encontre novas oportunidades de neg\u00f3cios atrav\u00e9s de uma ferramenta inteligente que transforma dados em informa\u00e7\u00f5es valiosas para sua imobili\u00e1ria.","og_url":"https:\/\/microhouse.com.br\/site\/","og_site_name":"Microhouse","article_modified_time":"2021-07-01T17:45:05+00:00","twitter_card":"summary_large_image","twitter_title":"CRM para Imobili\u00e1rias","twitter_description":"Encontre novas oportunidades de neg\u00f3cios atrav\u00e9s de uma ferramenta inteligente que transforma dados em informa\u00e7\u00f5es valiosas para sua imobili\u00e1ria.","twitter_image":"http:\/\/sinnapse.com.br\/microhouse\/wp-content\/uploads\/2019\/10\/map.png","schema":{"@context":"https:\/\/schema.org","@graph":[{"@type":"WebSite","@id":"https:\/\/microhouse.com.br\/site\/#website","url":"https:\/\/microhouse.com.br\/site\/","name":"Microhouse","description":"Sistemas para uma gest\u00e3o mais segura e eficiente da sua imobili\u00e1ria","potentialAction":[{"@type":"SearchAction","target":{"@type":"EntryPoint","urlTemplate":"https:\/\/microhouse.com.br\/site\/?s={search_term_string}"},"query-input":"required name=search_term_string"}],"inLanguage":"pt-BR"},{"@type":"ImageObject","@id":"https:\/\/microhouse.com.br\/site\/#primaryimage","inLanguage":"pt-BR","url":"","contentUrl":""},{"@type":"WebPage","@id":"https:\/\/microhouse.com.br\/site\/#webpage","url":"https:\/\/microhouse.com.br\/site\/","name":"MICROHOUSE: Gest\u00e3o segura e eficiente para a sua imobili\u00e1ria","isPartOf":{"@id":"https:\/\/microhouse.com.br\/site\/#website"},"datePublished":"2018-04-13T11:39:23+00:00","dateModified":"2021-07-01T17:45:05+00:00","description":"Encontre novas oportunidades de neg\u00f3cios atrav\u00e9s de uma ferramenta inteligente que transforma dados em informa\u00e7\u00f5es valiosas para sua imobili\u00e1ria.","breadcrumb":{"@id":"https:\/\/microhouse.com.br\/site\/#breadcrumb"},"inLanguage":"pt-BR","potentialAction":[{"@type":"ReadAction","target":["https:\/\/microhouse.com.br\/site\/"]}]},{"@type":"BreadcrumbList","@id":"https:\/\/microhouse.com.br\/site\/#breadcrumb","itemListElement":[{"@type":"ListItem","position":1,"name":"Home","item":"https:\/\/microhouse.com.br\/site\/"},{"@type":"ListItem","position":2,"name":"Home"}]}]}},"_links":{"self":[{"href":"https:\/\/microhouse.com.br\/site\/wp-json\/wp\/v2\/pages\/6"}],"collection":[{"href":"https:\/\/microhouse.com.br\/site\/wp-json\/wp\/v2\/pages"}],"about":[{"href":"https:\/\/microhouse.com.br\/site\/wp-json\/wp\/v2\/types\/page"}],"author":[{"embeddable":true,"href":"https:\/\/microhouse.com.br\/site\/wp-json\/wp\/v2\/users\/1"}],"replies":[{"embeddable":true,"href":"https:\/\/microhouse.com.br\/site\/wp-json\/wp\/v2\/comments?post=6"}],"version-history":[{"count":2,"href":"https:\/\/microhouse.com.br\/site\/wp-json\/wp\/v2\/pages\/6\/revisions"}],"predecessor-version":[{"id":289,"href":"https:\/\/microhouse.com.br\/site\/wp-json\/wp\/v2\/pages\/6\/revisions\/289"}],"wp:attachment":[{"href":"https:\/\/microhouse.com.br\/site\/wp-json\/wp\/v2\/media?parent=6"}],"curies":[{"name":"wp","href":"https:\/\/api.w.org\/{rel}","templated":true}]}}